{"id":11965,"date":"2019-08-22T10:19:29","date_gmt":"2019-08-22T10:19:29","guid":{"rendered":"https:\/\/delimbe.fr\/produit\/ranura-blanca-para-volumenes-muy-pequenos\/"},"modified":"2025-11-18T10:15:59","modified_gmt":"2025-11-18T10:15:59","slug":"ranura-blanca-para-volumenes-muy-pequenos","status":"publish","type":"product","link":"https:\/\/delimbe.fr\/es\/produit\/ranura-blanca-para-volumenes-muy-pequenos\/","title":{"rendered":"RODILLO BLANCA PARA VOL\u00daMENES MUY PEQUE\u00d1OS"},"content":{"rendered":"","protected":false},"excerpt":{"rendered":"<ul style=\"list-style-type: disc;\">\n<li>Ranura blanca muy peque\u00f1a para semillas peque\u00f1as y muy finas, como arena o semillas de zanahoria,<\/li>\n<li>Es adecuado para nuestros microgranuladores <strong>T24\/T28 DPA, T14, T15, T17, T18 y T20<\/strong> y para las sembradoras de cubiertas vegetales,<\/li>\n<li><em><strong>Al hacer el pedido, selecciona el tipo de m\u00e1quina,<\/strong><\/em><\/li>\n<li>Para las mezclas de semillas, debes elegir la ranura en funci\u00f3n del tama\u00f1o de la semilla. Por ejemplo, para una mezcla de zanahoria, tr\u00e9bol y phacelia, tendr\u00e1s que elegir la ranura verde para que las semillas de tr\u00e9bol y phacelia pasen y no se rompan.<\/li>\n<\/ul>\n<p><span style=\"text-decoration: underline;\"><strong>DIMENSIONES<\/strong><\/span><\/p>\n<ul style=\"list-style-type: disc;\">\n<li>T14\/ T24\/T28 DPA: 160 mm (pieza de pl\u00e1stico: 100 mm)<\/li>\n<li>T15\/T20: 322 mm (pieza de pl\u00e1stico: 262 mm)<\/li>\n<li>T17\/T18: 350 mm (pieza de pl\u00e1stico: 290 mm)<\/li>\n<\/ul>\n","protected":false},"featured_media":1559,"template":"","meta":[],"product_brand":[],"product_cat":[699,696,698,663,700,709,655,710,692,691,660,694,672,756,757,719,720,721,664,715,712,714,711,716,713],"product_tag":[],"class_list":{"0":"post-11965","1":"product","2":"type-product","3":"status-publish","4":"has-post-thumbnail","6":"product_cat-antibabosas-t24-es","7":"product_cat-antibabosas-t24","8":"product_cat-antibabosas-t28","9":"product_cat-cubierta-vegetal-microgranulador","10":"product_cat-esparcidor-t28","11":"product_cat-esparcidores-fertilizantes","12":"product_cat-inicio","13":"product_cat-localizada","14":"product_cat-opciones","15":"product_cat-parte","16":"product_cat-piezas-de-recambio","17":"product_cat-recambios","18":"product_cat-sembradora-t14","19":"product_cat-sembradora-t14-es","20":"product_cat-sembradora-t14-es-2","21":"product_cat-sembradora-t15","22":"product_cat-sembradora-t15-es","23":"product_cat-sembradora-t15-es-2","24":"product_cat-sembradora-t17","25":"product_cat-sembradora-t18-es-2","26":"product_cat-sembradora-t18","27":"product_cat-sembradora-t18-es","28":"product_cat-sembradora-t20-es","29":"product_cat-sembradora-t20-es-3","30":"product_cat-sembradora-t20-es-2","32":"first","33":"instock","34":"taxable","35":"shipping-taxable","36":"purchasable","37":"product-type-variable"},"composite_virtual":false,"composite_layout":"","composite_add_to_cart_form_location":"","composite_editable_in_cart":false,"composite_sold_individually_context":"","composite_shop_price_calc":"","composite_components":[],"composite_scenarios":[],"_links":{"self":[{"href":"https:\/\/delimbe.fr\/es\/wp-json\/wp\/v2\/product\/11965","targetHints":{"allow":["GET"]}}],"collection":[{"href":"https:\/\/delimbe.fr\/es\/wp-json\/wp\/v2\/product"}],"about":[{"href":"https:\/\/delimbe.fr\/es\/wp-json\/wp\/v2\/types\/product"}],"wp:featuredmedia":[{"embeddable":true,"href":"https:\/\/delimbe.fr\/es\/wp-json\/wp\/v2\/media\/1559"}],"wp:attachment":[{"href":"https:\/\/delimbe.fr\/es\/wp-json\/wp\/v2\/media?parent=11965"}],"wp:term":[{"taxonomy":"product_brand","embeddable":true,"href":"https:\/\/delimbe.fr\/es\/wp-json\/wp\/v2\/product_brand?post=11965"},{"taxonomy":"product_cat","embeddable":true,"href":"https:\/\/delimbe.fr\/es\/wp-json\/wp\/v2\/product_cat?post=11965"},{"taxonomy":"product_tag","embeddable":true,"href":"https:\/\/delimbe.fr\/es\/wp-json\/wp\/v2\/product_tag?post=11965"}],"curies":[{"name":"wp","href":"https:\/\/api.w.org\/{rel}","templated":true}]}}