{"id":11970,"date":"2019-08-22T10:18:16","date_gmt":"2019-08-22T10:18:16","guid":{"rendered":"https:\/\/delimbe.fr\/produit\/agrainoir\/"},"modified":"2025-07-17T13:59:17","modified_gmt":"2025-07-17T13:59:17","slug":"agrainoir","status":"publish","type":"product","link":"https:\/\/delimbe.fr\/es\/produit\/agrainoir\/","title":{"rendered":"AGRAINOIR"},"content":{"rendered":"<h4 style=\"text-align: center;\"><strong>&#8211; DELIMBE CEREAL AGRAINER\/DISPENSER &#8211;<\/p>\n<p><\/strong><span style=\"text-decoration: underline;\"><strong><br \/>\n<video poster=\"https:\/\/delimbe.fr\/wp-content\/uploads\/2019\/08\/2092-AGRAINOIR.jpg\" controls=\"controls\" width=\"800\" height=\"450\"><source src=\"https:\/\/delimbe.fr\/wp-content\/themes\/hello-elementor-child\/assets\/videos\/DISTRIBUTEUR%20DE%20CEREALES%20-%20AGRAINOIR.mp4\" type=\"video\/mp4\" \/><source src=\"https:\/\/delimbe.fr\/wp-content\/themes\/hello-elementor-child\/assets\/videos\/DISTRIBUTEUR%20DE%20CEREALES%20-%20AGRAINOIR.mp4\" type=\"video\/mp4\" \/><\/video><\/p>\n<p><\/strong><\/span><\/h4>\n<h4 style=\"text-align: center;\"><strong>Dispensador de grano y cereal especialmente dise\u00f1ado para alimentar la caza, disponible en tama\u00f1os de 70 y 120 litros. Puede esparcir ma\u00edz, trigo, guisantes u otros cereales a una velocidad de 0 a 50 kg\/minuto. Se puede montar directamente en un quad o cualquier otro veh\u00edculo todoterreno. <\/strong><\/h4>\n<h4 style=\"text-align: center;\"><\/h4>\n<h5>\n<b><span style=\"text-decoration: underline;\">DESCRIPCI\u00d3N DE LA SEMBRADORA DE GRANO\/CEREAL<\/span><\/b><\/h5>\n<ul style=\"list-style-type: disc;\">\n<li>El distribuidor de grano est\u00e1 dise\u00f1ado para encajar directamente en el portaequipajes de un quad, o en un 4&#215;4 o cualquier otro veh\u00edculo todoterreno.<\/li>\n<li>Adecuado para esparcir ma\u00edz, trigo, guisantes u otros cereales para alimentar la caza.<\/li>\n<li>Se suministra con caja de control en cabina.<\/li>\n<li>La turbina y el ajuste siguen siendo los mismos, s\u00f3lo cambia la capacidad.<\/li>\n<li>Accionamiento el\u00e9ctrico mediante motor de 12 voltios.<\/li>\n<li>Caudal regulable de 0 a 50 kg\/minuto.<\/li>\n<li>Anchura de trabajo: de 2 a 10 metros, seg\u00fan la orientaci\u00f3n de la turbina.<\/li>\n<li>Puede proyectarse hacia el lateral en una anchura de 10 metros o hacia la parte trasera del veh\u00edculo.<\/li>\n<li>Proyecci\u00f3n en el bosque, nada en el camino.<\/li>\n<\/ul>\n<h5><span style=\"text-decoration: underline;\"><strong>OPCIONES DE COMEDERO DE CAZA<br \/>\n<\/strong><\/span><\/h5>\n<ul style=\"list-style-type: disc;\">\n<li>Enganche de bola de remolque automontable.<\/li>\n<\/ul>\n<h5><span style=\"text-decoration: underline;\"><strong>CARACTER\u00cdSTICAS DEL ALIMENTADOR<\/strong><\/span><\/h5>\n<table style=\"width: 743px; height: 215px;\" border=\"OUI\" width=\"743\">\n<tbody>\n<tr>\n<td><strong>MODELO<\/strong><\/td>\n<td>GRAPADORA DELIMBE<\/td>\n<\/tr>\n<tr>\n<td><strong>TIPO DE EQUIPO<\/strong><\/td>\n<td>DISPENSADOR DE CEREALES Y SEMILLAS PARA ALIMENTAR LA CAZA<\/td>\n<\/tr>\n<tr>\n<td><strong>CAPACIDAD<\/strong><\/td>\n<td>70 \u00d3 120 LITROS<\/td>\n<\/tr>\n<tr>\n<td><strong>ANCHURA DE TRABAJO<\/strong><\/td>\n<td>DE 2 A 10 METROS SEG\u00daN LA TURBINA<\/td>\n<\/tr>\n<tr>\n<td><strong>COMPOSICI\u00d3N<\/strong><\/td>\n<td>DEP\u00d3SITO DE POLIETILENO &#8211; BASTIDOR DE ACERO PINTURA EPOXI AL HORNO<\/td>\n<\/tr>\n<tr>\n<td><strong>FUENTE DE ALIMENTACI\u00d3N <\/strong><\/td>\n<td>MOTOR EL\u00c9CTRICO DE 12 VOLTIOS<\/td>\n<\/tr>\n<tr>\n<td><strong>PROCEDENCIA<\/strong><\/td>\n<td><strong>DISE\u00d1ADO Y FABRICADO EN PONT DE L&#8217;ARCHE, FRANCIA<\/strong><\/td>\n<\/tr>\n<\/tbody>\n<\/table>\n<h5><\/h5>\n<h5><span style=\"text-decoration: underline;\"><strong>DIMENSIONES DEL DISPENSADOR DE SEMILLAS<\/strong><\/span><\/h5>\n<table style=\"width: 393px; height: 61px;\" border=\"OUI\" width=\"393\">\n<tbody>\n<tr>\n<td><strong>DI\u00c1METRO<\/strong><\/td>\n<td>600 MM<\/td>\n<\/tr>\n<tr>\n<td><strong>ALTURA<br \/>\n<\/strong><\/td>\n<td>900 MM<\/td>\n<\/tr>\n<tr>\n<td><strong>PESO EN VAC\u00cdO<\/strong><\/td>\n<td>40 KGS<\/td>\n<\/tr>\n<\/tbody>\n<\/table>\n","protected":false},"excerpt":{"rendered":"<p><span style=\"text-decoration: underline;\"><strong>Referencia AGRAINOIR70L-120L<\/strong><\/span><\/p>\n<ul style=\"list-style-type: disc;\">\n<li><strong>Dispensador de grano, cereales para la alimentaci\u00f3n de animales de caza.<\/strong><\/li>\n<li>Esparcidor para ma\u00edz, trigo, guisantes u otros cereales.<\/li>\n<li>Funcionamiento el\u00e9ctrico y caudal regulable.<\/li>\n<li>Capacidad de <strong>70 \u00f3 120 litros<\/strong> y anchura de trabajo de <strong>2 a 10 metros<\/strong>, seg\u00fan la orientaci\u00f3n de la turbina.<\/li>\n<li>Se suministra con caja de control en cabina.<\/li>\n<li><em>Nomenclatura (NC84323100)\n<p><\/em><\/li>\n<\/ul>\n<p><strong><em>(Las instrucciones de uso pueden descargarse m\u00e1s abajo, en la pesta\u00f1a \u201cArchivos para descargar\u201d)<\/em><\/strong><\/p>\n","protected":false},"featured_media":1387,"template":"","meta":[],"product_brand":[],"product_cat":[924,782,655,794,692],"product_tag":[],"class_list":{"0":"post-11970","1":"product","2":"type-product","3":"status-publish","4":"has-post-thumbnail","6":"product_cat-agricultura","7":"product_cat-destaca","8":"product_cat-inicio","9":"product_cat-maquina","10":"product_cat-opciones","12":"first","13":"instock","14":"taxable","15":"shipping-taxable","16":"purchasable","17":"product-type-variable"},"composite_virtual":false,"composite_layout":"","composite_add_to_cart_form_location":"","composite_editable_in_cart":false,"composite_sold_individually_context":"","composite_shop_price_calc":"","composite_components":[],"composite_scenarios":[],"_links":{"self":[{"href":"https:\/\/delimbe.fr\/es\/wp-json\/wp\/v2\/product\/11970","targetHints":{"allow":["GET"]}}],"collection":[{"href":"https:\/\/delimbe.fr\/es\/wp-json\/wp\/v2\/product"}],"about":[{"href":"https:\/\/delimbe.fr\/es\/wp-json\/wp\/v2\/types\/product"}],"wp:featuredmedia":[{"embeddable":true,"href":"https:\/\/delimbe.fr\/es\/wp-json\/wp\/v2\/media\/1387"}],"wp:attachment":[{"href":"https:\/\/delimbe.fr\/es\/wp-json\/wp\/v2\/media?parent=11970"}],"wp:term":[{"taxonomy":"product_brand","embeddable":true,"href":"https:\/\/delimbe.fr\/es\/wp-json\/wp\/v2\/product_brand?post=11970"},{"taxonomy":"product_cat","embeddable":true,"href":"https:\/\/delimbe.fr\/es\/wp-json\/wp\/v2\/product_cat?post=11970"},{"taxonomy":"product_tag","embeddable":true,"href":"https:\/\/delimbe.fr\/es\/wp-json\/wp\/v2\/product_tag?post=11970"}],"curies":[{"name":"wp","href":"https:\/\/api.w.org\/{rel}","templated":true}]}}