{"id":12876,"date":"2025-07-15T12:54:09","date_gmt":"2025-07-15T12:54:09","guid":{"rendered":"https:\/\/delimbe.fr\/?post_type=product&#038;p=12876"},"modified":"2025-07-16T15:15:05","modified_gmt":"2025-07-16T15:15:05","slug":"relleno","status":"publish","type":"product","link":"https:\/\/delimbe.fr\/es\/produit\/relleno\/","title":{"rendered":"RELLENO"},"content":{"rendered":"<h4 style=\"text-align: center;\"><strong>&#8211; DELIMBE PETROLERO &#8211;<\/strong><\/h4>\n<p>&nbsp;<\/p>\n<h4 style=\"text-align: center;\">El alimentador es un dispositivo para almacenar semillas y\/o cereales con el fin de reabastecer la sembradora agr\u00edcola cuando se ha sembrado su capacidad. Act\u00faa como un segundo dep\u00f3sito para repostar tu sembradora agr\u00edcola, y est\u00e1 disponible en tama\u00f1os de 250, 400, 600 u 800 litros. <\/h4>\n<p>&nbsp;<\/p>\n<h5><span style=\"text-decoration: underline;\"><strong>DESCRIPCI\u00d3N DE LA SEMBRADORA ALIMENTADORA DE CEREALES<\/strong><\/span><\/h5>\n<p>&nbsp;<\/p>\n<ul style=\"list-style-type: disc;\">\n<li>Colocado en la parte delantera del tractor, el alimentador de barras aumenta la capacidad y la autonom\u00eda de la sembradora de cereales. Cuando el dep\u00f3sito de la sembradora de cereales est\u00e1 vac\u00edo, basta con activar la transferencia de semillas del alimentador para rellenar el dep\u00f3sito de la sembradora. <\/li>\n<li>Este producto te ofrece la ventaja de trabajar en grandes superficies y\/o ahorrar tiempo al sembrar.<\/li>\n<li>El chasis es de acero y tiene un acabado de pintura epoxi al horno, mientras que el dep\u00f3sito es de polietileno.<\/li>\n<li>Un soplador accionado por un motor hidr\u00e1ulico asegura la transferencia neum\u00e1tica de la semilla al dep\u00f3sito de la sembradora de cereales.<\/li>\n<li>La semilla se transfiere utilizando una sola manguera de 110 de di\u00e1metro o varias mangueras onduladas de 40 de di\u00e1metro (especif\u00edcalo al hacer el pedido).<\/li>\n<li>Las mangueras hidr\u00e1ulicas y los conectores push-pull se suministran con el alimentador de barras.<\/li>\n<li>La entrada hidr\u00e1ulica est\u00e1 conectada al distribuidor y el retorno a la toma de \u201cretorno libre\u201d.<\/li>\n<li>Se suministran de serie un man\u00f3metro y una v\u00e1lvula limitadora de presi\u00f3n.<\/li>\n<li>El repostaje tiene una trampilla de drenaje debajo.<\/li>\n<\/ul>\n<h5><span style=\"text-decoration: underline;\"><strong>CARACTER\u00cdSTICAS DEL ALIMENTADOR DE SEMILLAS<\/strong><\/span><\/h5>\n<p>&nbsp;<\/p>\n<table style=\"width: 712px; height: 170px;\" border=\"OUI\" width=\"712\">\n<tbody>\n<tr>\n<td>MODELO<\/td>\n<td>ALIMENTADOR DE BARRAS DELIMBE<\/td>\n<\/tr>\n<tr>\n<td>TIPO DE EQUIPO<\/td>\n<td>SEMBRADORA FRONTAL PARA LLENAR EL DEP\u00d3SITO DE OTRA SEMBRADORA &#8211; SEMBRADORA DE ALMACENAMIENTO<\/td>\n<\/tr>\n<tr>\n<td>CAPACIDAD<\/td>\n<td>250 &#8211; 400 &#8211; 600 &#8211; 800 LITROS<\/td>\n<\/tr>\n<tr>\n<td>COMPOSICI\u00d3N<\/td>\n<td>DEP\u00d3SITO DE POLIETILENO &#8211; BASTIDOR DE ACERO Y PINTURA EPOXI AL HORNO<\/td>\n<\/tr>\n<tr>\n<td>FUENTE DE ALIMENTACI\u00d3N<\/td>\n<td>SOPLADOR CON MOTOR HIDR\u00c1ULICO<\/td>\n<\/tr>\n<tr>\n<td>PROCEDENCIA<\/td>\n<td><strong>DISE\u00d1ADO Y FABRICADO EN PONT DE L&#8217;ARCHE, FRANCIA<\/strong><\/td>\n<\/tr>\n<\/tbody>\n<\/table>\n<p>&nbsp;<\/p>\n<h5><span style=\"text-decoration: underline;\"><strong>DIMENSIONES DEL ALIMENTADOR DE BARRAS<\/strong><\/span><\/h5>\n<table style=\"width: 659px; height: 154px;\" border=\"oui\" width=\"532\">\n<tbody>\n<tr>\n<td><strong>CAPACIDADES<\/strong><\/td>\n<td style=\"text-align: center;\"><strong>ANCHURA<\/strong><\/td>\n<td style=\"text-align: center;\"><strong>ALTURA<\/strong><\/td>\n<td style=\"text-align: center;\"><strong>PROFUNDIDAD<\/strong><\/td>\n<td style=\"text-align: center;\"><strong>PESO<\/strong><\/td>\n<\/tr>\n<tr>\n<td><strong>250 LITROS<\/strong><\/td>\n<td style=\"text-align: center;\">720 MM<\/td>\n<td style=\"text-align: center;\">1270 MM<\/td>\n<td style=\"text-align: center;\">2005 MM<\/td>\n<td style=\"text-align: center;\">90 KGS<\/td>\n<\/tr>\n<tr>\n<td><strong>400 LITROS<\/strong><\/td>\n<td style=\"text-align: center;\">720 MM<\/td>\n<td style=\"text-align: center;\">1300 MM<\/td>\n<td style=\"text-align: center;\">2005 MM<\/td>\n<td style=\"text-align: center;\">100 KGS<\/td>\n<\/tr>\n<tr>\n<td><strong>600 LITROS<\/strong><\/td>\n<td style=\"text-align: center;\">720 MM<\/td>\n<td style=\"text-align: center;\">1300 MM<\/td>\n<td style=\"text-align: center;\">2005 MM<\/td>\n<td style=\"text-align: center;\">110 KGS<\/td>\n<\/tr>\n<tr>\n<td><strong>800 LITROS<\/strong><\/td>\n<td style=\"text-align: center;\">720 MM<\/td>\n<td style=\"text-align: center;\">1600 MM<\/td>\n<td style=\"text-align: center;\">2400 MM<\/td>\n<td style=\"text-align: center;\">130 KGS<\/td>\n<\/tr>\n<\/tbody>\n<\/table>\n","protected":false},"excerpt":{"rendered":"<h5><\/h5>\n<ul style=\"list-style-type: disc;\">\n<li>El alimentador es una m\u00e1quina agr\u00edcola que almacena tus semillas\/cereales para que puedas reponer tu sembradora y seguir sembrando.<\/li>\n<li>Aumenta la autonom\u00eda de un taladro cerealista.<\/li>\n<li>Puede instalarse en el elevador delantero del tractor o conectarse a la cornamusa delantera.<\/li>\n<li>Dispositivo neum\u00e1tico de transferencia de mangueras.<\/li>\n<li>Capacidad de 250, 400, 600 y 800 litros.<\/li>\n<li>Distribuidor el\u00e9ctrico y ventilaci\u00f3n hidr\u00e1ulica.<\/li>\n<\/ul>\n<p><strong><i>(Las instrucciones de uso pueden descargarse de la p\u00e1gina \u201cTabla de ajustes\u201d)<\/i><\/strong><\/p>\n","protected":false},"featured_media":2427,"template":"","meta":[],"product_brand":[],"product_cat":[668,782,655,794,692,667],"product_tag":[],"class_list":{"0":"post-12876","1":"product","2":"type-product","3":"status-publish","4":"has-post-thumbnail","6":"product_cat-alimentador-es","7":"product_cat-destaca","8":"product_cat-inicio","9":"product_cat-maquina","10":"product_cat-opciones","11":"product_cat-tiradores-delanteros","13":"first","14":"instock","15":"taxable","16":"shipping-taxable","17":"purchasable","18":"product-type-variable"},"composite_virtual":false,"composite_layout":"","composite_add_to_cart_form_location":"","composite_editable_in_cart":false,"composite_sold_individually_context":"","composite_shop_price_calc":"","composite_components":[],"composite_scenarios":[],"_links":{"self":[{"href":"https:\/\/delimbe.fr\/es\/wp-json\/wp\/v2\/product\/12876","targetHints":{"allow":["GET"]}}],"collection":[{"href":"https:\/\/delimbe.fr\/es\/wp-json\/wp\/v2\/product"}],"about":[{"href":"https:\/\/delimbe.fr\/es\/wp-json\/wp\/v2\/types\/product"}],"wp:featuredmedia":[{"embeddable":true,"href":"https:\/\/delimbe.fr\/es\/wp-json\/wp\/v2\/media\/2427"}],"wp:attachment":[{"href":"https:\/\/delimbe.fr\/es\/wp-json\/wp\/v2\/media?parent=12876"}],"wp:term":[{"taxonomy":"product_brand","embeddable":true,"href":"https:\/\/delimbe.fr\/es\/wp-json\/wp\/v2\/product_brand?post=12876"},{"taxonomy":"product_cat","embeddable":true,"href":"https:\/\/delimbe.fr\/es\/wp-json\/wp\/v2\/product_cat?post=12876"},{"taxonomy":"product_tag","embeddable":true,"href":"https:\/\/delimbe.fr\/es\/wp-json\/wp\/v2\/product_tag?post=12876"}],"curies":[{"name":"wp","href":"https:\/\/api.w.org\/{rel}","templated":true}]}}