{"id":13540,"date":"2025-07-15T12:48:38","date_gmt":"2025-07-15T12:48:38","guid":{"rendered":"https:\/\/delimbe.fr\/produit\/cargador-frontal-hidraulico-t17\/"},"modified":"2025-12-10T12:57:08","modified_gmt":"2025-12-10T12:57:08","slug":"maquina-agricola-frontal-hidraulico-semillas-pequenas","status":"publish","type":"product","link":"https:\/\/delimbe.fr\/es\/produit\/maquina-agricola-frontal-hidraulico-semillas-pequenas\/","title":{"rendered":"T17 SEMBRADORA HIDR\u00c1ULICA FRONTAL"},"content":{"rendered":"<h4 style=\"text-align: center\"><strong>&#8211; SEMBRADORA FRONTAL HIDR\u00c1ULICA T17 &#8211;<\/strong><\/h4>\n<p>&nbsp;<\/p>\n<h4 style=\"text-align: center\"><span style=\"text-align: center\"><strong>Sembradora frontal con elevador delantero para cubiertas vegetales, semillas peque\u00f1as y grandes y CIPAN, disponible en tama\u00f1os de 250, 400, 600 u 800 litros. Se utiliza para sembrar abono verde, regenerar praderas, sembrar habas al mismo tiempo que colza, etc.<\/strong><\/span><\/h4>\n<p>&nbsp;<\/p>\n<h5 style=\"text-align: left\"><strong><span style=\"text-decoration: underline\">DESCRIPCI\u00d3N DE LA SEMBRADORA CIPAN T17<\/span><\/strong><\/h5>\n<ul style=\"list-style-type: disc\">\n<li>Se coloca en la parte delantera del tractor, en el elevador.<\/li>\n<li>Equipada con un brazo esparcidor plegable manualmente con una anchura de trabajo de 3 a 6 metros. Los esparcidores est\u00e1n distribuidos por toda la anchura de trabajo.<\/li>\n<li>La sembradora T17 est\u00e1 equipada de serie con un rodillo verde, esparcidores de semillas y mangueras.<\/li>\n<li>Est\u00e1 equipada con un ventilador hidr\u00e1ulico, pero tambi\u00e9n est\u00e1 disponible con un ventilador el\u00e9ctrico: <a href=\"https:\/\/delimbe.fr\/es\/produit\/t17-sembradora-frontal-semillas-pequenas-grandes\/\"><strong>T17 ELECTRICO.<\/strong><\/a><\/li>\n<li>Transferencia neum\u00e1tica de semillas a trav\u00e9s de mangueras con un di\u00e1metro interior de 30 mm.<\/li>\n<li>La profundidad de siembra viene determinada por la profundidad de trabajo del cultivador.<\/li>\n<li>Se utiliza para sembrar semillas peque\u00f1as o grandes delante del tractor. A continuaci\u00f3n, el equipo de labranza entierra las semillas.<\/li>\n<\/ul>\n<p>&nbsp;<\/p>\n<h5><span style=\"text-decoration: underline\"><strong>OPCIONES DE LA SEMBRADORA DE SEMILLAS PEQUE\u00d1AS T17<\/strong><\/span><\/h5>\n<ul style=\"list-style-type: disc\">\n<li>Hay <strong>4 tipos de rodillo<\/strong>: Blanca (caudal muy bajo), Verde (caudal bajo), Amarilla (caudal medio) y Roja (caudal alto).<\/li>\n<li><strong>La caja de control est\u00e1ndar<\/strong> :<\/li>\n<\/ul>\n<ol style=\"list-style-type: undefined\">\n<li>Un interruptor de encendido\/apagado para poner en marcha el soplador.<\/li>\n<li>Un interruptor de encendido\/apagado para encender la distribuci\u00f3n.<\/li>\n<li>Un potenci\u00f3metro graduado de 0 a 30 para variar el caudal directamente desde la cabina.<\/li>\n<\/ol>\n<ul style=\"list-style-type: disc\">\n<li><strong>Los 3 tipos de caja de control DPA :<\/strong><\/li>\n<\/ul>\n<ol>\n<li>Un DPA con un sensor que se coloca en una rueda, en el extremo de un rodillo o en la parte posterior de un disco.<\/li>\n<li>Un DPA con toma ISO, que recibe informaci\u00f3n del tractor a trav\u00e9s de la toma de 7 polos.<\/li>\n<li>Un DPA con antena GPS que toma la informaci\u00f3n de velocidad de la antena situada en el exterior de la cabina.<\/li>\n<\/ol>\n<h5><\/h5>\n<h5><span style=\"text-decoration: underline\"><strong>DIMENSIONES DE LA SEMBRADORA <\/strong><\/span><span style=\"text-decoration: underline\"><strong>DE SEMILLAS PEQUE\u00d1AS <\/strong><\/span><span style=\"text-decoration: underline\"><strong>T17<\/strong><\/span><\/h5>\n<table style=\"width: 550px;height: 80px\" border=\"oui\" width=\"550\">\n<tbody>\n<tr>\n<td><\/td>\n<td style=\"text-align: center\"><strong>250 LITROS<\/strong><\/td>\n<td style=\"text-align: center\"><strong>400 LITROS<\/strong><\/td>\n<td style=\"text-align: center\"><strong>600 LITROS<\/strong><\/td>\n<td style=\"text-align: center\"><strong>800 LITROS<\/strong><\/td>\n<\/tr>\n<tr>\n<td><strong>ANCHO<\/strong><\/td>\n<td style=\"text-align: center\">1.30 M<\/td>\n<td style=\"text-align: center\">1.30 M<\/td>\n<td style=\"text-align: center\">1.50 M<\/td>\n<td style=\"text-align: center\">1.60 M<\/td>\n<\/tr>\n<tr>\n<td><strong>PROFUNDIDAD<\/strong><\/td>\n<td style=\"text-align: center\">1.10 M<\/td>\n<td style=\"text-align: center\">1.10 M<\/td>\n<td style=\"text-align: center\">1.10 M<\/td>\n<td style=\"text-align: center\">1.10 M<\/td>\n<\/tr>\n<tr>\n<td><strong>ALTURA<\/strong><\/td>\n<td style=\"text-align: center\">1.25 M<\/td>\n<td style=\"text-align: center\">1.30 M<\/td>\n<td style=\"text-align: center\">1.30 M<\/td>\n<td style=\"text-align: center\">1.40 M<\/td>\n<\/tr>\n<\/tbody>\n<\/table>\n<p>&nbsp;<\/p>\n<h5><span style=\"text-decoration: underline\"><strong>DESCUBRE TODA NUESTRA GAMA DE SEMBRADORAS EN VENTA<\/strong><\/span><\/h5>\n<p><strong><a class=\"btn btn-default\" href=\"https:\/\/delimbe.fr\/es\/categorie-produit\/inicio\/cubierta-vegetal-microgranulador-es\/\">CUBIERTA VEGETAL \/ MICROGRANULADORES<\/a> &#8211; <a href=\"https:\/\/delimbe.fr\/es\/categorie-produit\/inicio\/maraichage-es\/\">HORTICULTURA<\/a> \/ <a href=\"https:\/\/delimbe.fr\/es\/categorie-produit\/inicio\/vino\/\">VI\u00d1A <\/a>&#8211; <a class=\"btn btn-default\" href=\"https:\/\/delimbe.fr\/es\/categorie-produit\/inicio\/fertilizantes-es\/\">ABONO <\/a><\/strong><\/p>\n<p>&nbsp;<\/p>\n","protected":false},"excerpt":{"rendered":"<p><strong>\u00a0<\/strong><\/p>\n<ul style=\"list-style-type: disc\">\n<li>Sembradora de pluma que se acopla al elevador delantero del tractor.<\/li>\n<li>La T17 es una sembradora de barras plegables de siembra frontal para cultivos de cobertura, semillas peque\u00f1as y grandes, cereales y CIPAN (cultivos intermedios).<\/li>\n<li>Dispensador aut\u00f3nomo, con brazo de <strong>3, 4, 5 \u00f3 6 metros de ancho a elegir.<\/strong><\/li>\n<li>Capacidad del dep\u00f3sito de polietileno <strong>250 &#8211; 400 &#8211; 600 &#8211; 800 litros.<\/strong><\/li>\n<li>Soplador hidr\u00e1ulico, distribuci\u00f3n el\u00e9ctrica por estr\u00edas.<\/li>\n<li>Ten en cuenta que el aparato no puede funcionar sin a\u00f1adir una caja de control (caja est\u00e1ndar o DPA).<\/li>\n<li><em><strong>Referencia<\/strong> : T17250L3M, T17250L4M,&#8230;, T17400L3M, T17600L3M, T17800L3M&#8230;<\/em><\/li>\n<\/ul>\n<p>&nbsp;<\/p>\n<p><b><i>(Las instrucciones de uso pueden descargarse m\u00e1s abajo, en la parte \u00abArchivos para descargar\u00bb)<\/i><\/b><\/p>\n","protected":false},"featured_media":2123,"template":"","meta":[],"product_brand":[],"product_cat":[669,782,655,794,692,1116,841,667],"product_tag":[],"class_list":{"0":"post-13540","1":"product","2":"type-product","3":"status-publish","4":"has-post-thumbnail","6":"product_cat-cubierta-vegetal-microgranulador-es","7":"product_cat-destaca","8":"product_cat-inicio","9":"product_cat-maquina","10":"product_cat-opciones","11":"product_cat-sembradora-frontal-hidraulica-t17","12":"product_cat-sembradora-t17-es-2","13":"product_cat-tiradores-delanteros","15":"first","16":"instock","17":"taxable","18":"shipping-taxable","19":"purchasable","20":"product-type-variable"},"composite_virtual":false,"composite_layout":"","composite_add_to_cart_form_location":"","composite_editable_in_cart":false,"composite_sold_individually_context":"","composite_shop_price_calc":"","composite_components":[],"composite_scenarios":[],"_links":{"self":[{"href":"https:\/\/delimbe.fr\/es\/wp-json\/wp\/v2\/product\/13540","targetHints":{"allow":["GET"]}}],"collection":[{"href":"https:\/\/delimbe.fr\/es\/wp-json\/wp\/v2\/product"}],"about":[{"href":"https:\/\/delimbe.fr\/es\/wp-json\/wp\/v2\/types\/product"}],"wp:featuredmedia":[{"embeddable":true,"href":"https:\/\/delimbe.fr\/es\/wp-json\/wp\/v2\/media\/2123"}],"wp:attachment":[{"href":"https:\/\/delimbe.fr\/es\/wp-json\/wp\/v2\/media?parent=13540"}],"wp:term":[{"taxonomy":"product_brand","embeddable":true,"href":"https:\/\/delimbe.fr\/es\/wp-json\/wp\/v2\/product_brand?post=13540"},{"taxonomy":"product_cat","embeddable":true,"href":"https:\/\/delimbe.fr\/es\/wp-json\/wp\/v2\/product_cat?post=13540"},{"taxonomy":"product_tag","embeddable":true,"href":"https:\/\/delimbe.fr\/es\/wp-json\/wp\/v2\/product_tag?post=13540"}],"curies":[{"name":"wp","href":"https:\/\/api.w.org\/{rel}","templated":true}]}}