{"id":15205,"date":"2025-08-20T08:36:46","date_gmt":"2025-08-20T08:36:46","guid":{"rendered":"https:\/\/delimbe.fr\/?post_type=product&#038;p=15205"},"modified":"2025-10-29T16:03:26","modified_gmt":"2025-10-29T16:03:26","slug":"kit-de-actuador-electrico-sembrador-de-abono","status":"publish","type":"product","link":"https:\/\/delimbe.fr\/es\/produit\/kit-de-actuador-electrico-sembrador-de-abono\/","title":{"rendered":"KIT DE ACTUADOR EL\u00c9CTRICO PARA SEMBRADOR DE ABONO"},"content":{"rendered":"","protected":false},"excerpt":{"rendered":"<ul style=\"list-style-type: disc\">\n<li>Kit de actuador el\u00e9ctrico: motor de apertura y cierre de compuerta + chapa de adaptaci\u00f3n + compuerta,<\/li>\n<li>Para el <strong>sembrador de abono de 70 o 120 litros<\/strong>, actuador el\u00e9ctrico n.\u00ba <span style=\"color: #000080\"><strong>EST0054A<\/strong><\/span>,<\/li>\n<li>En sustituci\u00f3n del motorreductor de cuarto de vuelta referencia: <strong>MRZD1360001<\/strong>. El kit de cilindro sustituye al antiguo motor de apertura\/cierre de compuerta. Atenci\u00f3n: para los modelos muy antiguos, anteriores al a\u00f1o 2000, es preferible que nos llame para comprobar que su distribuidor es compatible con la nueva versi\u00f3n (el tama\u00f1o de la compuerta puede ser diferente).<\/li>\n<li><em><strong>Referencia<\/strong>: KITVERINENG<\/em><\/li>\n<\/ul>\n","protected":false},"featured_media":1755,"template":"","meta":[],"product_brand":[],"product_cat":[730,728,709,691,660],"product_tag":[],"class_list":{"0":"post-15205","1":"product","2":"type-product","3":"status-publish","4":"has-post-thumbnail","6":"product_cat-abonadora-120l","7":"product_cat-abonadora-70l","8":"product_cat-esparcidores-fertilizantes","9":"product_cat-parte","10":"product_cat-piezas-de-recambio","11":"pa_conditionnement-a-la-unidad","12":"pa_modele-cilindro-n-o-est0054a-para-sembradora-de-abono","13":"pa_nomenclature-84323100-es","14":"pa_origine-origen-preferencial-frances","15":"pa_puissance-35watts-es","16":"pa_typedeproduit-kit-para-motor-de-compartimento","17":"pa_voltagev-12-voltios","19":"first","20":"instock","21":"taxable","22":"shipping-taxable","23":"purchasable","24":"product-type-simple"},"composite_virtual":false,"composite_layout":"","composite_add_to_cart_form_location":"","composite_editable_in_cart":false,"composite_sold_individually_context":"","composite_shop_price_calc":"","composite_components":[],"composite_scenarios":[],"_links":{"self":[{"href":"https:\/\/delimbe.fr\/es\/wp-json\/wp\/v2\/product\/15205","targetHints":{"allow":["GET"]}}],"collection":[{"href":"https:\/\/delimbe.fr\/es\/wp-json\/wp\/v2\/product"}],"about":[{"href":"https:\/\/delimbe.fr\/es\/wp-json\/wp\/v2\/types\/product"}],"wp:featuredmedia":[{"embeddable":true,"href":"https:\/\/delimbe.fr\/es\/wp-json\/wp\/v2\/media\/1755"}],"wp:attachment":[{"href":"https:\/\/delimbe.fr\/es\/wp-json\/wp\/v2\/media?parent=15205"}],"wp:term":[{"taxonomy":"product_brand","embeddable":true,"href":"https:\/\/delimbe.fr\/es\/wp-json\/wp\/v2\/product_brand?post=15205"},{"taxonomy":"product_cat","embeddable":true,"href":"https:\/\/delimbe.fr\/es\/wp-json\/wp\/v2\/product_cat?post=15205"},{"taxonomy":"product_tag","embeddable":true,"href":"https:\/\/delimbe.fr\/es\/wp-json\/wp\/v2\/product_tag?post=15205"}],"curies":[{"name":"wp","href":"https:\/\/api.w.org\/{rel}","templated":true}]}}